{"id":2470,"date":"2023-09-29T15:43:50","date_gmt":"2023-09-29T15:43:50","guid":{"rendered":"https:\/\/treeoflifelive.wpenginepowered.com\/accessibility\/"},"modified":"2024-08-14T18:29:13","modified_gmt":"2024-08-14T18:29:13","slug":"accessibilite","status":"publish","type":"page","link":"https:\/\/treeoflife.ca\/fr\/accessibilite\/","title":{"rendered":"Accessibilit\u00e9"},"content":{"rendered":"\t\t<div data-elementor-type=\"wp-page\" data-elementor-id=\"2470\" class=\"elementor elementor-2470 elementor-1286\" data-elementor-post-type=\"page\">\n\t\t\t\t\t\t<section class=\"elementor-section elementor-top-section elementor-element elementor-element-2d16244 elementor-section-full_width elementor-section-height-default elementor-section-height-default\" data-id=\"2d16244\" data-element_type=\"section\" data-e-type=\"section\">\n\t\t\t\t\t\t<div class=\"elementor-container elementor-column-gap-default\">\n\t\t\t\t\t<div class=\"elementor-column elementor-col-100 elementor-top-column elementor-element elementor-element-1f29a4f\" data-id=\"1f29a4f\" data-element_type=\"column\" data-e-type=\"column\">\n\t\t\t<div class=\"elementor-widget-wrap elementor-element-populated\">\n\t\t\t\t\t\t<div class=\"elementor-element elementor-element-b4a0158 elementor-widget elementor-widget-jk-hero\" data-id=\"b4a0158\" data-element_type=\"widget\" data-e-type=\"widget\" data-widget_type=\"jk-hero.default\">\n\t\t\t\t<div class=\"elementor-widget-container\">\n\t\t\t\t\t<header class=\"small\" id=\"header\"><div class=\"jkea_header small\"><section class=\"postarchiveheader textonly\">\n\t\t\t\t<div class=\"container\"> \n\t\t\t\t  <div class=\"content\">\n\t\t\t\t\t<div class=\"title\"><h1>Notre politique d'accessibilit\u00e9<\/h1><\/div>\n\t\t\t\t\t<div class=\"text\"><\/div>\n\t\t\t\t  <\/div>\n\t\t\t\t  <div class=\"line\">\n\t\t\t\t\t<svg version=\"1.1\" class=\"drawline\" xmlns=\"http:\/\/www.w3.org\/2000\/svg\" xmlns:xlink=\"http:\/\/www.w3.org\/1999\/xlink\" x=\"0px\" y=\"0px\"\n\t\t\t\t\t  viewBox=\"0 0 616.5 786\" xml:space=\"preserve\">\n\t\t\t\t\t <path class=\"path\" transform=\"translate(613.549 782.79) rotate(180)\" d=\"M44.1,105.2c0,0,491.1-101.5,522.3-106.3\n\t\t\t\t\t  S612,20,612,46.1v556.5c0,26.1-20.9,41.7-45.6,47.2c0,0-486.6,126-522.3,130.8s-45.6-21.2-45.6-47.2v-581\n\t\t\t\t\t  C-1.5,126.3,19.1,110.4,44.1,105.2z M573.8-1.7c26.1,0,38.2,23.9,38.2,47.8v556.5c0,26.1-20.9,41.7-45.6,47.2\n\t\t\t\t\t  c0,0-486.6,126-522.3,130.8c-35.7,4.8-45.6-21.2-45.6-47.2v-581c0-26.1,20.6-42,45.6-47.2c0,0,491.1-101.5,522.3-106.3\n\t\t\t\t\t  C569-1.5,571.5-1.7,573.8-1.7z\"\/>\n\t\t\t\t\t <\/svg>\n\t\t\t\t  <\/div>\n\t\t\t\t<\/div>\n\t\t\t  <\/section>\t\t\t\t<\/div>\n\t\t\t\t<\/div>\n\t\t\t\t\t<\/div>\n\t\t<\/div>\n\t\t\t\t\t<\/div>\n\t\t<\/section>\n\t\t\t\t<section class=\"elementor-section elementor-top-section elementor-element elementor-element-90cf899 plaintext elementor-section-boxed elementor-section-height-default elementor-section-height-default\" data-id=\"90cf899\" data-element_type=\"section\" data-e-type=\"section\">\n\t\t\t\t\t\t<div class=\"elementor-container elementor-column-gap-default\">\n\t\t\t\t\t<div class=\"elementor-column elementor-col-100 elementor-top-column elementor-element elementor-element-0e2e0f4\" data-id=\"0e2e0f4\" data-element_type=\"column\" data-e-type=\"column\">\n\t\t\t<div class=\"elementor-widget-wrap elementor-element-populated\">\n\t\t\t\t\t\t<div class=\"elementor-element elementor-element-9894c78 elementor-widget elementor-widget-text-editor\" data-id=\"9894c78\" data-element_type=\"widget\" data-e-type=\"widget\" data-widget_type=\"text-editor.default\">\n\t\t\t\t<div class=\"elementor-widget-container\">\n\t\t\t\t\t\t\t\t\t<p>La politique de la LAPHO a \u00e9t\u00e9 \u00e9labor\u00e9e pour se conformer \u00e0 la Loi sur l&rsquo;accessibilit\u00e9 pour les personnes handicap\u00e9es de l&rsquo;Ontario, qui exige l&rsquo;\u00e9laboration de normes d&rsquo;accessibilit\u00e9 dans quatre domaines : le service \u00e0 la client\u00e8le, l&rsquo;information, la communication et l&#8217;emploi. Plus pr\u00e9cis\u00e9ment, la pr\u00e9sente politique traite de la norme int\u00e9gr\u00e9e de service \u00e0 la client\u00e8le, d&rsquo;information, de communication et d&#8217;emploi et remplace la politique sur le service \u00e0 la client\u00e8le publi\u00e9e en d\u00e9cembre 2011. L&rsquo;objectif de ces normes est d&rsquo;\u00e9liminer les obstacles et d&rsquo;accro\u00eetre l&rsquo;accessibilit\u00e9 pour les personnes handicap\u00e9es.<\/p><p><a href=\"\/wp-content\/uploads\/2023\/11\/AODA-Policy-FR.pdf\" target=\"_blank\" rel=\"noopener\">Politique LAPHO<\/a><\/p><p><a href=\"\/wp-content\/uploads\/2023\/12\/TOLC_AODA_Multi_Year_Plan-memo_2023_FR.pdf\" target=\"_blank\" rel=\"noopener\">Plan pluriannuel relatif \u00e0 la LAPHO de TOLC \u2013 m\u00e9mo<br \/><\/a><\/p>\t\t\t\t\t\t\t\t<\/div>\n\t\t\t\t<\/div>\n\t\t\t\t<div class=\"elementor-element elementor-element-5dd74f8 elementor-widget elementor-widget-text-editor\" data-id=\"5dd74f8\" data-element_type=\"widget\" data-e-type=\"widget\" data-widget_type=\"text-editor.default\">\n\t\t\t\t<div class=\"elementor-widget-container\">\n\t\t\t\t\t\t\t\t\t<a target=\"_blank\" href=\"https:\/\/certifications.onlineada.com\/Q3-2024-One-Time-Certification\" style=\"display:block;width:200px;height:auto;\"><img decoding=\"async\" alt=\"Certified WCAG 2.1 AA Partially Conformant\" src=\"https:\/\/badges.onlineada.com\/partial\/svg\/certifiedbadge_partial2.1.png\"><\/a>\t\t\t\t\t\t\t\t<\/div>\n\t\t\t\t<\/div>\n\t\t\t\t\t<\/div>\n\t\t<\/div>\n\t\t\t\t\t<\/div>\n\t\t<\/section>\n\t\t\t\t<section class=\"elementor-section elementor-top-section elementor-element elementor-element-afef25f elementor-section-boxed elementor-section-height-default elementor-section-height-default\" data-id=\"afef25f\" data-element_type=\"section\" data-e-type=\"section\">\n\t\t\t\t\t\t<div class=\"elementor-container elementor-column-gap-default\">\n\t\t\t\t\t<div class=\"elementor-column elementor-col-100 elementor-top-column elementor-element elementor-element-28a5788\" data-id=\"28a5788\" data-element_type=\"column\" data-e-type=\"column\">\n\t\t\t<div class=\"elementor-widget-wrap elementor-element-populated\">\n\t\t\t\t\t\t<div class=\"elementor-element elementor-element-126aeef elementor-widget elementor-widget-shortcode\" data-id=\"126aeef\" data-element_type=\"widget\" data-e-type=\"widget\" data-widget_type=\"shortcode.default\">\n\t\t\t\t<div class=\"elementor-widget-container\">\n\t\t\t\t\t\t\t<div class=\"elementor-shortcode\">\t\t<div data-elementor-type=\"section\" data-elementor-id=\"2691\" class=\"elementor elementor-2691 elementor-222 elementor-222\" data-elementor-post-type=\"elementor_library\">\n\t\t\t\t\t<section class=\"elementor-section elementor-top-section elementor-element elementor-element-6efbaec newsletterform elementor-section-full_width elementor-section-height-default elementor-section-height-default\" data-id=\"6efbaec\" data-element_type=\"section\" data-e-type=\"section\">\n\t\t\t\t\t\t<div class=\"elementor-container elementor-column-gap-default\">\n\t\t\t\t\t<div class=\"elementor-column elementor-col-100 elementor-top-column elementor-element elementor-element-22a8e0d container\" data-id=\"22a8e0d\" data-element_type=\"column\" data-e-type=\"column\">\n\t\t\t<div class=\"elementor-widget-wrap elementor-element-populated\">\n\t\t\t\t\t\t<div class=\"elementor-element elementor-element-a78d5fd icon elementor-widget elementor-widget-image\" data-id=\"a78d5fd\" data-element_type=\"widget\" data-e-type=\"widget\" data-widget_type=\"image.default\">\n\t\t\t\t<div class=\"elementor-widget-container\">\n\t\t\t\t\t\t\t\t\t\t\t\t\t\t\t<img fetchpriority=\"high\" decoding=\"async\" width=\"1024\" height=\"1024\" src=\"https:\/\/treeoflife.ca\/wp-content\/uploads\/2023\/09\/noun-paper-airplane-38882.svg\" class=\"attachment-large size-large wp-image-2023\" alt=\"airplane\" \/>\t\t\t\t\t\t\t\t\t\t\t\t\t\t\t<\/div>\n\t\t\t\t<\/div>\n\t\t\t\t<div class=\"elementor-element elementor-element-ed577ed title elementor-widget elementor-widget-heading\" data-id=\"ed577ed\" data-element_type=\"widget\" data-e-type=\"widget\" data-widget_type=\"heading.default\">\n\t\t\t\t<div class=\"elementor-widget-container\">\n\t\t\t\t\t<h3 class=\"elementor-heading-title elementor-size-default\">Restez au courant des activit\u00e9s de Tree of Life et du paysage canadien de l'alimentation<\/h3>\t\t\t\t<\/div>\n\t\t\t\t<\/div>\n\t\t\t\t<div class=\"elementor-element elementor-element-e97acb4 elementor-widget elementor-widget-html\" data-id=\"e97acb4\" data-element_type=\"widget\" data-e-type=\"widget\" data-widget_type=\"html.default\">\n\t\t\t\t<div class=\"elementor-widget-container\">\n\t\t\t\t\t<button class=\"button getnewsletterform\"><a>Recevez notre bulletin d'information<\/a><\/button>\t\t\t\t<\/div>\n\t\t\t\t<\/div>\n\t\t\t\t\t<\/div>\n\t\t<\/div>\n\t\t\t\t\t<\/div>\n\t\t<\/section>\n\t\t\t\t<\/div>\n\t\t<\/div>\n\t\t\t\t\t\t<\/div>\n\t\t\t\t<\/div>\n\t\t\t\t\t<\/div>\n\t\t<\/div>\n\t\t\t\t\t<\/div>\n\t\t<\/section>\n\t\t\t\t<\/div>\n\t\t","protected":false},"excerpt":{"rendered":"<p>Notre politique d&rsquo;accessibilit\u00e9 La politique de la LAPHO a \u00e9t\u00e9 \u00e9labor\u00e9e pour se conformer \u00e0 la Loi sur l&rsquo;accessibilit\u00e9 pour les personnes handicap\u00e9es de l&rsquo;Ontario, qui exige l&rsquo;\u00e9laboration de normes d&rsquo;accessibilit\u00e9 dans quatre domaines : le service \u00e0 la client\u00e8le, l&rsquo;information, la communication et l&#8217;emploi. Plus pr\u00e9cis\u00e9ment, la pr\u00e9sente politique traite de la norme int\u00e9gr\u00e9e [&hellip;]<\/p>\n","protected":false},"author":2,"featured_media":0,"parent":0,"menu_order":0,"comment_status":"closed","ping_status":"closed","template":"","meta":{"_acf_changed":false,"footnotes":""},"class_list":["post-2470","page","type-page","status-publish","hentry"],"acf":[],"yoast_head":"<!-- This site is optimized with the Yoast SEO plugin v27.3 - https:\/\/yoast.com\/product\/yoast-seo-wordpress\/ -->\n<title>Politique d&#039;accessibilit\u00e9 | Tree of Life Canada<\/title>\n<meta name=\"description\" content=\"Passez en revue la politique d\u2019accessibilit\u00e9 du site Web de Tree of Life.\" \/>\n<meta name=\"robots\" content=\"index, follow, max-snippet:-1, max-image-preview:large, max-video-preview:-1\" \/>\n<link rel=\"canonical\" href=\"https:\/\/treeoflife.ca\/fr\/accessibilite\/\" \/>\n<meta property=\"og:locale\" content=\"fr_FR\" \/>\n<meta property=\"og:type\" content=\"article\" \/>\n<meta property=\"og:title\" content=\"Politique d&#039;accessibilit\u00e9 | Tree of Life Canada\" \/>\n<meta property=\"og:description\" content=\"Passez en revue la politique d\u2019accessibilit\u00e9 du site Web de Tree of Life.\" \/>\n<meta property=\"og:url\" content=\"https:\/\/treeoflife.ca\/fr\/accessibilite\/\" \/>\n<meta property=\"og:site_name\" content=\"Tree of Life Canada\" \/>\n<meta property=\"article:modified_time\" content=\"2024-08-14T18:29:13+00:00\" \/>\n<meta property=\"og:image\" content=\"https:\/\/badges.onlineada.com\/partial\/svg\/certifiedbadge_partial2.1.png\" \/>\n<meta name=\"twitter:card\" content=\"summary_large_image\" \/>\n<meta name=\"twitter:label1\" content=\"Dur\u00e9e de lecture estim\u00e9e\" \/>\n\t<meta name=\"twitter:data1\" content=\"2 minutes\" \/>\n<script type=\"application\/ld+json\" class=\"yoast-schema-graph\">{\"@context\":\"https:\\\/\\\/schema.org\",\"@graph\":[{\"@type\":\"WebPage\",\"@id\":\"https:\\\/\\\/treeoflife.ca\\\/fr\\\/accessibilite\\\/\",\"url\":\"https:\\\/\\\/treeoflife.ca\\\/fr\\\/accessibilite\\\/\",\"name\":\"Politique d'accessibilit\u00e9 | Tree of Life Canada\",\"isPartOf\":{\"@id\":\"https:\\\/\\\/treeoflife.ca\\\/fr\\\/#website\"},\"primaryImageOfPage\":{\"@id\":\"https:\\\/\\\/treeoflife.ca\\\/fr\\\/accessibilite\\\/#primaryimage\"},\"image\":{\"@id\":\"https:\\\/\\\/treeoflife.ca\\\/fr\\\/accessibilite\\\/#primaryimage\"},\"thumbnailUrl\":\"https:\\\/\\\/badges.onlineada.com\\\/partial\\\/svg\\\/certifiedbadge_partial2.1.png\",\"datePublished\":\"2023-09-29T15:43:50+00:00\",\"dateModified\":\"2024-08-14T18:29:13+00:00\",\"description\":\"Passez en revue la politique d\u2019accessibilit\u00e9 du site Web de Tree of Life.\",\"breadcrumb\":{\"@id\":\"https:\\\/\\\/treeoflife.ca\\\/fr\\\/accessibilite\\\/#breadcrumb\"},\"inLanguage\":\"fr-FR\",\"potentialAction\":[{\"@type\":\"ReadAction\",\"target\":[\"https:\\\/\\\/treeoflife.ca\\\/fr\\\/accessibilite\\\/\"]}]},{\"@type\":\"ImageObject\",\"inLanguage\":\"fr-FR\",\"@id\":\"https:\\\/\\\/treeoflife.ca\\\/fr\\\/accessibilite\\\/#primaryimage\",\"url\":\"https:\\\/\\\/badges.onlineada.com\\\/partial\\\/svg\\\/certifiedbadge_partial2.1.png\",\"contentUrl\":\"https:\\\/\\\/badges.onlineada.com\\\/partial\\\/svg\\\/certifiedbadge_partial2.1.png\"},{\"@type\":\"BreadcrumbList\",\"@id\":\"https:\\\/\\\/treeoflife.ca\\\/fr\\\/accessibilite\\\/#breadcrumb\",\"itemListElement\":[{\"@type\":\"ListItem\",\"position\":1,\"name\":\"Home\",\"item\":\"https:\\\/\\\/treeoflife.ca\\\/fr\\\/\"},{\"@type\":\"ListItem\",\"position\":2,\"name\":\"Accessibilit\u00e9\"}]},{\"@type\":\"WebSite\",\"@id\":\"https:\\\/\\\/treeoflife.ca\\\/fr\\\/#website\",\"url\":\"https:\\\/\\\/treeoflife.ca\\\/fr\\\/\",\"name\":\"Tree of Life Canada\",\"description\":\"\",\"alternateName\":\"Tree of Life\",\"potentialAction\":[{\"@type\":\"SearchAction\",\"target\":{\"@type\":\"EntryPoint\",\"urlTemplate\":\"https:\\\/\\\/treeoflife.ca\\\/fr\\\/?s={search_term_string}\"},\"query-input\":{\"@type\":\"PropertyValueSpecification\",\"valueRequired\":true,\"valueName\":\"search_term_string\"}}],\"inLanguage\":\"fr-FR\"}]}<\/script>\n<!-- \/ Yoast SEO plugin. -->","yoast_head_json":{"title":"Politique d'accessibilit\u00e9 | Tree of Life Canada","description":"Passez en revue la politique d\u2019accessibilit\u00e9 du site Web de Tree of Life.","robots":{"index":"index","follow":"follow","max-snippet":"max-snippet:-1","max-image-preview":"max-image-preview:large","max-video-preview":"max-video-preview:-1"},"canonical":"https:\/\/treeoflife.ca\/fr\/accessibilite\/","og_locale":"fr_FR","og_type":"article","og_title":"Politique d'accessibilit\u00e9 | Tree of Life Canada","og_description":"Passez en revue la politique d\u2019accessibilit\u00e9 du site Web de Tree of Life.","og_url":"https:\/\/treeoflife.ca\/fr\/accessibilite\/","og_site_name":"Tree of Life Canada","article_modified_time":"2024-08-14T18:29:13+00:00","og_image":[{"url":"https:\/\/badges.onlineada.com\/partial\/svg\/certifiedbadge_partial2.1.png","type":"","width":"","height":""}],"twitter_card":"summary_large_image","twitter_misc":{"Dur\u00e9e de lecture estim\u00e9e":"2 minutes"},"schema":{"@context":"https:\/\/schema.org","@graph":[{"@type":"WebPage","@id":"https:\/\/treeoflife.ca\/fr\/accessibilite\/","url":"https:\/\/treeoflife.ca\/fr\/accessibilite\/","name":"Politique d'accessibilit\u00e9 | Tree of Life Canada","isPartOf":{"@id":"https:\/\/treeoflife.ca\/fr\/#website"},"primaryImageOfPage":{"@id":"https:\/\/treeoflife.ca\/fr\/accessibilite\/#primaryimage"},"image":{"@id":"https:\/\/treeoflife.ca\/fr\/accessibilite\/#primaryimage"},"thumbnailUrl":"https:\/\/badges.onlineada.com\/partial\/svg\/certifiedbadge_partial2.1.png","datePublished":"2023-09-29T15:43:50+00:00","dateModified":"2024-08-14T18:29:13+00:00","description":"Passez en revue la politique d\u2019accessibilit\u00e9 du site Web de Tree of Life.","breadcrumb":{"@id":"https:\/\/treeoflife.ca\/fr\/accessibilite\/#breadcrumb"},"inLanguage":"fr-FR","potentialAction":[{"@type":"ReadAction","target":["https:\/\/treeoflife.ca\/fr\/accessibilite\/"]}]},{"@type":"ImageObject","inLanguage":"fr-FR","@id":"https:\/\/treeoflife.ca\/fr\/accessibilite\/#primaryimage","url":"https:\/\/badges.onlineada.com\/partial\/svg\/certifiedbadge_partial2.1.png","contentUrl":"https:\/\/badges.onlineada.com\/partial\/svg\/certifiedbadge_partial2.1.png"},{"@type":"BreadcrumbList","@id":"https:\/\/treeoflife.ca\/fr\/accessibilite\/#breadcrumb","itemListElement":[{"@type":"ListItem","position":1,"name":"Home","item":"https:\/\/treeoflife.ca\/fr\/"},{"@type":"ListItem","position":2,"name":"Accessibilit\u00e9"}]},{"@type":"WebSite","@id":"https:\/\/treeoflife.ca\/fr\/#website","url":"https:\/\/treeoflife.ca\/fr\/","name":"Tree of Life Canada","description":"","alternateName":"Tree of Life","potentialAction":[{"@type":"SearchAction","target":{"@type":"EntryPoint","urlTemplate":"https:\/\/treeoflife.ca\/fr\/?s={search_term_string}"},"query-input":{"@type":"PropertyValueSpecification","valueRequired":true,"valueName":"search_term_string"}}],"inLanguage":"fr-FR"}]}},"_links":{"self":[{"href":"https:\/\/treeoflife.ca\/fr\/wp-json\/wp\/v2\/pages\/2470","targetHints":{"allow":["GET"]}}],"collection":[{"href":"https:\/\/treeoflife.ca\/fr\/wp-json\/wp\/v2\/pages"}],"about":[{"href":"https:\/\/treeoflife.ca\/fr\/wp-json\/wp\/v2\/types\/page"}],"author":[{"embeddable":true,"href":"https:\/\/treeoflife.ca\/fr\/wp-json\/wp\/v2\/users\/2"}],"replies":[{"embeddable":true,"href":"https:\/\/treeoflife.ca\/fr\/wp-json\/wp\/v2\/comments?post=2470"}],"version-history":[{"count":0,"href":"https:\/\/treeoflife.ca\/fr\/wp-json\/wp\/v2\/pages\/2470\/revisions"}],"wp:attachment":[{"href":"https:\/\/treeoflife.ca\/fr\/wp-json\/wp\/v2\/media?parent=2470"}],"curies":[{"name":"wp","href":"https:\/\/api.w.org\/{rel}","templated":true}]}}